{"id":1580,"date":"2020-03-23T13:30:08","date_gmt":"2020-03-23T13:30:08","guid":{"rendered":"http:\/\/localhost\/it-tech\/?page_id=1580"},"modified":"2021-12-07T07:57:39","modified_gmt":"2021-12-07T07:57:39","slug":"faq","status":"publish","type":"page","link":"https:\/\/www.nanopyme.com\/index.php\/faq\/","title":{"rendered":"FAQ"},"content":{"rendered":"<p><section class=\"kc-elm kc-css-186610 kc_row\"><div class=\"kc-row-container  kc-container\"><div class=\"kc-wrap-columns\"><div class=\"kc-elm kc-css-201381 kc_col-sm-12 kc_column kc_col-sm-12\"><div class=\"kc-col-container\"><div class=\"kc-elm kc-css-530052 kc_row kc_row_inner\"><div class=\"kc-elm kc-css-770087 kc_col-sm-12 kc_column_inner kc_col-sm-12\"><div class=\"kc_wrapper kc-col-inner-container\">\t\r\r\t<div class=\"kc-elm kc-css-221659 \">\r\r\t\t<div class=\"section-title  t_center\">\r\t\t\t\t\t\t\t<h5>F A Q<\/h5>\r\t\t\t\t\t\t<h3><\/h3>\r\t\t\t<h2>Preguntas m\u00e1s frecuentes <span>respondidas aqu\u00ed<\/span><\/h2>\r\t\t\t\r\t\t\t\t\t\t\r\t\t\t\t\t\t\r\t\t\t\t<div class=\"em-bar-main\">\r\t\t\t\t\t<div class=\"em-bar em-bar-big\"><\/div>\r\t\t\t\t<\/div>\r\t\t\t\t\r\t\t\t\r\r\t\t\t\t\t\t\r\t\t\t\t\r\r\t\t<\/div>\t\r\r\t<\/div>\t\r\r\t<div class=\"kc-elm kc-css-609333\" style=\"height: 30px; clear: both; width:100%;\"><\/div><\/div><\/div><\/div><\/div><\/div><\/div><\/div><\/section><section class=\"kc-elm kc-css-691332 kc_row\"><div class=\"kc-row-container  kc-container\"><div class=\"kc-wrap-columns\"><div class=\"kc-elm kc-css-720641 kc_col-sm-12 kc_column kc_col-sm-12\"><div class=\"kc-col-container\"><div class=\"kc-elm kc-css-579640 kc_row kc_row_inner\"><div class=\"kc-elm kc-css-920772 kc_col-sm-6 kc_column_inner kc_col-sm-6\"><div class=\"kc_wrapper kc-col-inner-container\"><div data-closeall=\"true\" class=\"kc-elm kc-css-489484 kc_accordion_wrapper\">\n<div class=\"kc-elm kc-css-273068 kc_accordion_section group \"><h3 class=\"kc_accordion_header ui-accordion-header\"><span class=\"ui-accordion-header-icon ui-icon\"><\/span><a href=\"#requisitos-para-usar-windows-11\" data-prevent=\"scroll\"><i class=\"\"><\/i> Requisitos para usar Windows 11<\/a><\/h3><div class=\"kc_accordion_content ui-accordion-content kc_clearfix\"><div class=\"kc-panel-body\"><div class=\"kc-elm kc-css-236062 kc_text_block\"><\/p>\n<p>Los requisitos pueden consultarse en la siguiente direcci\u00f3n, en espa\u00f1ol:\u00a0<a href=\"https:\/\/www.microsoft.com\/es-es\/windows\/windows-11-specifications\" target=\"_blank\" rel=\"noopener noreferrer\">https:\/\/www.microsoft.com\/es-es\/windows\/windows-11-specifications<\/a><\/p>\n<p>Tambi\u00e9n puede descargar el comprobador de Microsoft, que le dir\u00e1 si su equipo es compatible:\u00a0<a href=\"https:\/\/aka.ms\/GetPCHealthCheckApp\" target=\"_blank\" rel=\"noopener noreferrer\">https:\/\/aka.ms\/GetPCHealthCheckApp<\/a><\/p>\n<p>\n<\/div><\/div><\/div><\/div><div class=\"kc-elm kc-css-475951 kc_accordion_section group \"><h3 class=\"kc_accordion_header ui-accordion-header\"><span class=\"ui-accordion-header-icon ui-icon\"><\/span><a href=\"#que-necesito-para-usar-el-acceso-remoto\" data-prevent=\"scroll\"><i class=\"\"><\/i> \u00bfQu\u00e9 necesito para usar el acceso remoto?<\/a><\/h3><div class=\"kc_accordion_content ui-accordion-content kc_clearfix\"><div class=\"kc-panel-body\"><div class=\"kc-elm kc-css-921330 kc_text_block\"><\/p>\n<p>El ordenador de destino debe tener Windows 10 Pro como sistema operativo (no sirve Windows 10 Home). Como\u00a0dispositivo de origen, el que se usa para acceder, sirve cualquiera con cualquier sistema operativo.<\/p>\n<p>\n<\/div><\/div><\/div><\/div><div class=\"kc-elm kc-css-644223 kc_accordion_section group \"><h3 class=\"kc_accordion_header ui-accordion-header\"><span class=\"ui-accordion-header-icon ui-icon\"><\/span><a href=\"#que-es-una-cuenta-de-correo-exchange\" data-prevent=\"scroll\"><i class=\"\"><\/i> \u00bfQu\u00e9 es una cuenta de correo exchange?<\/a><\/h3><div class=\"kc_accordion_content ui-accordion-content kc_clearfix\"><div class=\"kc-panel-body\"><div class=\"kc-elm kc-css-578026 kc_text_block\"><\/p>\n<p>Es una cuenta de Microsoft 365, sincronizable al 100% en todos los dispositivos donde se configure, con buz\u00f3n de 50GB y utilidades superiores a las cuentas pop.<\/p>\n<p>\n<\/div><\/div><\/div><\/div><div class=\"kc-elm kc-css-737995 kc_accordion_section group \"><h3 class=\"kc_accordion_header ui-accordion-header\"><span class=\"ui-accordion-header-icon ui-icon\"><\/span><a href=\"#que-hago-si-deja-de-funcionar-mi-internet\" data-prevent=\"scroll\"><i class=\"\"><\/i> \u00bfQu\u00e9 hago si deja de funcionar mi internet?<\/a><\/h3><div class=\"kc_accordion_content ui-accordion-content kc_clearfix\"><div class=\"kc-panel-body\"><div class=\"kc-elm kc-css-445104 kc_text_block\"><\/p>\n<p>Si nada se ha tocado desde que funcionaba bien, lo primero es reiniciar el router. Si tras reiniciarlo (tarda unos minutos en recuperar la se\u00f1al) sigue sin internet, lo recomendable es comunicarlo a su proveedor.<\/p>\n<p>\n<\/div><\/div><\/div><\/div><\/div>\n<\/div><\/div><div class=\"kc-elm kc-css-356276 kc_col-sm-6 kc_column_inner kc_col-sm-6\"><div class=\"kc_wrapper kc-col-inner-container\"><div data-closeall=\"true\" class=\"kc-elm kc-css-890963 kc_accordion_wrapper\">\n<div class=\"kc-elm kc-css-551258 kc_accordion_section group \"><h3 class=\"kc_accordion_header ui-accordion-header\"><span class=\"ui-accordion-header-icon ui-icon\"><\/span><a href=\"#horario-de-nanopyme\" data-prevent=\"scroll\"><i class=\"\"><\/i> Horario de Nanopyme<\/a><\/h3><div class=\"kc_accordion_content ui-accordion-content kc_clearfix\"><div class=\"kc-panel-body\"><div class=\"kc-elm kc-css-516974 kc_text_block\"><\/p>\n<p>Nanopyme le\u00a0 atiende todos los d\u00edas laborables del a\u00f1o.<\/p>\n<p>El horario de invierno es de 9:00 a 14:00 y de 16:00 a 18:00 (lunes a jueves), y de 9:00 a 15:00 (viernes).<\/p>\n<p>El horario de verano es de 9:00 a 15:00 horas (lunes a viernes).<\/p>\n<p>En fechas especiales, previamente comunicadas a nuestro clientes (Navidad, Semana Santa y Feria), el horario es de 9:00 a 14:00 para conciliaci\u00f3n de la vida laboral y familiar de nuestros t\u00e9cnicos.<\/p>\n<p>\n<\/div><\/div><\/div><\/div><div class=\"kc-elm kc-css-711133 kc_accordion_section group \"><h3 class=\"kc_accordion_header ui-accordion-header\"><span class=\"ui-accordion-header-icon ui-icon\"><\/span><a href=\"#raton-y-o-teclado-inalambrico-no-funciona\" data-prevent=\"scroll\"><i class=\"\"><\/i> Rat\u00f3n y\/o teclado inal\u00e1mbrico no funciona<\/a><\/h3><div class=\"kc_accordion_content ui-accordion-content kc_clearfix\"><div class=\"kc-panel-body\"><div class=\"kc-elm kc-css-529363 kc_text_block\"><\/p>\n<p>Hay dos causas m\u00e1s habituales. Una es que la pila se est\u00e9 agotando y deba reemplazarse. La otra es que el receptor usb deba cambiarse de puerto (si est\u00e1 en uno trasero, cambiarlo a uno delantero).<\/p>\n<p>\n<\/div><\/div><\/div><\/div><div class=\"kc-elm kc-css-635167 kc_accordion_section group \"><h3 class=\"kc_accordion_header ui-accordion-header\"><span class=\"ui-accordion-header-icon ui-icon\"><\/span><a href=\"#como-se-trabaja-quoten-la-nubequot\" data-prevent=\"scroll\"><i class=\"\"><\/i> \u00bfC\u00f3mo se trabaja :quot:en la nube:quot:?<\/a><\/h3><div class=\"kc_accordion_content ui-accordion-content kc_clearfix\"><div class=\"kc-panel-body\"><div class=\"kc-elm kc-css-705260 kc_text_block\"><\/p>\n<p>Exactamente igual que en un ordenador f\u00edsico. Ver\u00e1 una pantalla como la que acostumbra a ver en su ordenador, pero tendr\u00e1 sus aplicaciones y datos disponibles en cualquier momento, desde cualquier lugar y usando cualquier ordenador o dispositivo.<\/p>\n<p>\n<\/div><\/div><\/div><\/div><div class=\"kc-elm kc-css-704138 kc_accordion_section group \"><h3 class=\"kc_accordion_header ui-accordion-header\"><span class=\"ui-accordion-header-icon ui-icon\"><\/span><a href=\"#como-firmar-digitalmente-un-documento-pdf\" data-prevent=\"scroll\"><i class=\"\"><\/i> C\u00f3mo firmar digitalmente un documento pdf<\/a><\/h3><div class=\"kc_accordion_content ui-accordion-content kc_clearfix\"><div class=\"kc-panel-body\"><div class=\"kc-elm kc-css-792700 kc_text_block\"><\/p>\n<p>Descargue este archivo donde le explicamos, paso a paso y con im\u00e1genes, c\u00f3mo firmar digitalmente un documento pdf usando Adobe Reader:<\/p>\n<p><a href=\"https:\/\/www.nanopyme.com\/wp-content\/uploads\/2021\/10\/FIRMAR-DIGITALMENTE-UN-DOCUMENTO-PDF-USANDO-ADOBE-READER-DC.pdf\" target=\"_blank\" rel=\"noopener noreferrer\">C\u00f3mo firmar con certificado digital<\/a><\/p>\n<p>\n<\/div><\/div><\/div><\/div><\/div>\n<\/div><\/div><\/div><\/div><\/div><\/div><\/div><\/section><\/p>\n","protected":false},"excerpt":{"rendered":"","protected":false},"author":1,"featured_media":0,"parent":0,"menu_order":0,"comment_status":"closed","ping_status":"closed","template":"page-templates\/template-default.php","meta":[],"_links":{"self":[{"href":"https:\/\/www.nanopyme.com\/index.php\/wp-json\/wp\/v2\/pages\/1580"}],"collection":[{"href":"https:\/\/www.nanopyme.com\/index.php\/wp-json\/wp\/v2\/pages"}],"about":[{"href":"https:\/\/www.nanopyme.com\/index.php\/wp-json\/wp\/v2\/types\/page"}],"author":[{"embeddable":true,"href":"https:\/\/www.nanopyme.com\/index.php\/wp-json\/wp\/v2\/users\/1"}],"replies":[{"embeddable":true,"href":"https:\/\/www.nanopyme.com\/index.php\/wp-json\/wp\/v2\/comments?post=1580"}],"version-history":[{"count":38,"href":"https:\/\/www.nanopyme.com\/index.php\/wp-json\/wp\/v2\/pages\/1580\/revisions"}],"predecessor-version":[{"id":4671,"href":"https:\/\/www.nanopyme.com\/index.php\/wp-json\/wp\/v2\/pages\/1580\/revisions\/4671"}],"wp:attachment":[{"href":"https:\/\/www.nanopyme.com\/index.php\/wp-json\/wp\/v2\/media?parent=1580"}],"curies":[{"name":"wp","href":"https:\/\/api.w.org\/{rel}","templated":true}]}}