{"id":1719,"date":"2020-03-24T04:54:57","date_gmt":"2020-03-24T04:54:57","guid":{"rendered":"http:\/\/localhost\/it-tech\/?page_id=1719"},"modified":"2025-12-18T08:28:25","modified_gmt":"2025-12-18T08:28:25","slug":"contacto","status":"publish","type":"page","link":"https:\/\/www.nanopyme.com\/index.php\/contacto\/","title":{"rendered":"Contacto"},"content":{"rendered":"<p><section class=\"kc-elm kc-css-476943 kc_row\"><div class=\"kc-row-container  kc-container\"><div class=\"kc-wrap-columns\"><div class=\"kc-elm kc-css-735487 kc_col-sm-12 kc_column kc_col-sm-12\"><div class=\"kc-col-container\"><div class=\"kc-elm kc-css-138631 kc_row kc_row_inner\"><div class=\"kc-elm kc-css-896797 kc_col-sm-6 kc_column_inner kc_col-sm-6\"><div class=\"kc_wrapper kc-col-inner-container\">\n<div class=\"kc-elm kc-css-180205 kc-title-wrap \">\n\n\t<h3 class=\"kc_title\">Contacte con nosotros<\/h3>\n<\/div>\n<div class=\"kc-contact-form7 kc-elm kc-css-186156\"><div role=\"form\" class=\"wpcf7\" id=\"wpcf7-f1721-o1\" lang=\"en-US\" dir=\"ltr\">\n<div class=\"screen-reader-response\"><\/div>\n<form action=\"\/index.php\/wp-json\/wp\/v2\/pages\/1719#wpcf7-f1721-o1\" method=\"post\" class=\"wpcf7-form\" novalidate=\"novalidate\">\n<div style=\"display: none;\">\n<input type=\"hidden\" name=\"_wpcf7\" value=\"1721\" \/>\n<input type=\"hidden\" name=\"_wpcf7_version\" value=\"4.5.1\" \/>\n<input type=\"hidden\" name=\"_wpcf7_locale\" value=\"en_US\" \/>\n<input type=\"hidden\" name=\"_wpcf7_unit_tag\" value=\"wpcf7-f1721-o1\" \/>\n<input type=\"hidden\" name=\"_wpnonce\" value=\"3856ef0978\" \/>\n<\/div>\n<div class=\"form-area contact-form\">\n<div class=\"form-inner\">\n<div class=\"form-controls row\">\n<div class=\"col-md-6\">\n<div class=\"form-group\">\n<span class=\"wpcf7-form-control-wrap sub\"><input type=\"text\" name=\"sub\" value=\"\" size=\"40\" class=\"wpcf7-form-control wpcf7-text wpcf7-validates-as-required form-control\" aria-required=\"true\" aria-invalid=\"false\" placeholder=\"Su nombre\" \/><\/span>\n<\/div>\n<\/div>\n<div class=\"col-md-6\">\n<div class=\"form-group\">\n<span class=\"wpcf7-form-control-wrap sub2\"><input type=\"email\" name=\"sub2\" value=\"\" size=\"40\" class=\"wpcf7-form-control wpcf7-text wpcf7-email wpcf7-validates-as-required wpcf7-validates-as-email form-control\" aria-required=\"true\" aria-invalid=\"false\" placeholder=\"Su Email\" \/><\/span>\n<\/div>\n<\/div>\n<div class=\"col-md-6\">\n<div class=\"form-group\">\n<span class=\"wpcf7-form-control-wrap sub3\"><input type=\"text\" name=\"sub3\" value=\"\" size=\"40\" class=\"wpcf7-form-control wpcf7-text wpcf7-validates-as-required form-control\" aria-required=\"true\" aria-invalid=\"false\" placeholder=\"Su tel\u00e9fono\" \/><\/span>\n<\/div>\n<\/div>\n<div class=\"col-md-6\">\n<div class=\"form-group\">\n<span class=\"wpcf7-form-control-wrap sub4\"><input type=\"text\" name=\"sub4\" value=\"\" size=\"40\" class=\"wpcf7-form-control wpcf7-text wpcf7-validates-as-required form-control\" aria-required=\"true\" aria-invalid=\"false\" placeholder=\"Asunto\" \/><\/span>\n<\/div>\n<\/div>\n<div class=\"col-md-12\">\n<div class=\"form-group\">\n<span class=\"wpcf7-form-control-wrap textarea-348\"><textarea name=\"textarea-348\" cols=\"40\" rows=\"10\" class=\"wpcf7-form-control wpcf7-textarea wpcf7-validates-as-required\" aria-required=\"true\" aria-invalid=\"false\" placeholder=\"Su mensaje\"><\/textarea><\/span>\n<\/div>\n<\/div>\n<p><span class=\"wpcf7-form-control-wrap acceptance-132\"><input type=\"checkbox\" name=\"acceptance-132\" value=\"1\" class=\"wpcf7-form-control wpcf7-acceptance\" aria-invalid=\"false\" \/><\/span> ENTIENDO Y ACEPTO el tratamiento de mis datos tal y como se describe en la \"informaci\u00f3n b\u00e1sica en protecci\u00f3n de datos\" en esta p\u00e1gina, y se explica con mayor detalle en la Pol\u00edtica de Privacidad. (Su negativa a facilitarnos la autorizaci\u00f3n implicar\u00e1 la imposibilidad de tratar sus datos con la finalidad indicada).<\/p>\n<p><span class=\"wpcf7-form-control-wrap acceptance-656\"><input type=\"checkbox\" name=\"acceptance-656\" value=\"1\" class=\"wpcf7-form-control wpcf7-acceptance\" aria-invalid=\"false\" \/><\/span> ENTIENDO Y ACEPTO recibir informaci\u00f3n, en los t\u00e9rminos indicados en la \"informaci\u00f3n b\u00e1sica en protecci\u00f3n de datos\" en esta p\u00e1gina, sobre los servicios de NANOPYME SL. (Su negativa a facilitarnos la autorizaci\u00f3n implicar\u00e1 la imposibilidad de enviarle informaci\u00f3n comercial por parte de la entidad).<\/p>\n<div class=\"col-md-12\">\n<div class=\"form-group\">\n<div class=\"buttons\">\n<input type=\"submit\" value=\"Enviar mensaje\" class=\"wpcf7-form-control wpcf7-submit button\" \/>\n<\/div>\n<\/div>\n<\/div>\n<\/div>\n<\/div>\n<\/div>\n<div class=\"inv-recaptcha-holder\"><\/div><div class=\"wpcf7-response-output wpcf7-display-none\"><\/div><\/form><\/div><\/div><\/div><\/div><div class=\"kc-elm kc-css-605290 kc_col-sm-6 kc_column_inner kc_col-sm-6\"><div class=\"kc_wrapper kc-col-inner-container\"><div class=\"kc-elm kc-css-196601 kc-feature-boxes kc-fb-layout-3\">\n\n\t<div class=\"content-icon\"><i class=\"flaticon-time\"><\/i><\/div><div class=\"box-right\"><div class=\"content-title\">Localizaci\u00f3n<\/div><div class=\"content-desc\">Avda. Mairena del Aljarafe, 20 planta baja (PIBO) - \r\n41110 Bollullos de la Mitaci\u00f3n (Sevilla)<\/div><\/div>\n<\/div>\n<div class=\"kc-elm kc-css-230442 kc-feature-boxes kc-fb-layout-3\">\n\n\t<div class=\"content-icon\"><i class=\"flaticon-call\"><\/i><\/div><div class=\"box-right\"><div class=\"content-title\">Tel\u00e9fono<\/div><div class=\"content-desc\">+34 955 290 016 <br>(centralita)<\/div><\/div>\n<\/div>\n<div class=\"kc-elm kc-css-897868 kc-feature-boxes kc-fb-layout-3\">\n\n\t<div class=\"content-icon\"><i class=\"et-envelope\"><\/i><\/div><div class=\"box-right\"><div class=\"content-title\">Email<\/div><div class=\"content-desc\">contacto@nanopyme.com<\/div><\/div>\n<\/div>\n<div class=\"kc-elm kc-css-628992 kc_text_block\"><\/p>\n<p>\n<strong><b>Informaci\u00f3n b\u00e1sica en protecci\u00f3n de datos.-<\/b><\/strong>\u00a0Conforme al RGPD y la LOPDGDD, NANOPYME SL tratar\u00e1 los datos facilitados, con la finalidad de contestar las dudas y cuestiones planteadas a trav\u00e9s del presente formulario y facilitar la informaci\u00f3n solicitada. Siempre que nos lo autorice previamente, enviaremos informaci\u00f3n relacionada con\u00a0los servicios ofrecidos por NANOPYME SL.\u00a0Podr\u00e1 ejercer, si lo desea, los derechos de acceso, rectificaci\u00f3n, supresi\u00f3n, y dem\u00e1s reconocidos en la normativa mencionada. Para obtener m\u00e1s informaci\u00f3n acerca de c\u00f3mo estamos tratando sus datos, acceda a nuestra pol\u00edtica de privacidad\u00a0(https:\/\/www.nanopyme.com\/index.php\/politica-de-privacidad).<\/p>\n<p>\n<\/div><\/div><\/div><\/div><\/div><\/div><\/div><\/div><\/section><section class=\"kc-elm kc-css-619617 kc_row\"><div class=\"kc-row-container\"><div class=\"kc-wrap-columns\"><div class=\"kc-elm kc-css-373287 kc_col-sm-12 kc_column kc_col-sm-12\"><div class=\"kc-col-container\"><div class=\"kc-elm kc-css-598148 kc_row kc_row_inner\"><div class=\"kc-elm kc-css-443716 kc_col-sm-12 kc_column_inner kc_col-sm-12\"><div class=\"kc_wrapper kc-col-inner-container\"><div class=\"kc-elm kc-css-763541 kc_google_maps kc_shortcode\"><div style=\"height: 350px\" class=\"kc-google-maps\"><iframe src=\"https:\/\/www.google.com\/maps\/embed?pb=!1m18!1m12!1m3!1d3171.546687805545!2d-6.14153115259841!3d37.35323935883837!2m3!1f0!2f0!3f0!3m2!1i1024!2i768!4f13.1!3m3!1m2!1s0xd1213d2f71969c1%3A0x82b41768b901363d!2sNanopyme%2C%20Soluciones%20Inform%C3%A1ticas!5e0!3m2!1ses!2ses!4v1766046455955!5m2!1ses!2ses\" width=\"100%\" height=\"350\" style=\"border:0;\" allowfullscreen=\"\" loading=\"lazy\" referrerpolicy=\"no-referrer-when-downgrade\"><\/iframe><\/div><\/div><\/div><\/div><\/div><\/div><\/div><\/div><\/div><\/section><\/p>\n","protected":false},"excerpt":{"rendered":"","protected":false},"author":1,"featured_media":0,"parent":0,"menu_order":0,"comment_status":"closed","ping_status":"closed","template":"page-templates\/template-default.php","meta":[],"_links":{"self":[{"href":"https:\/\/www.nanopyme.com\/index.php\/wp-json\/wp\/v2\/pages\/1719"}],"collection":[{"href":"https:\/\/www.nanopyme.com\/index.php\/wp-json\/wp\/v2\/pages"}],"about":[{"href":"https:\/\/www.nanopyme.com\/index.php\/wp-json\/wp\/v2\/types\/page"}],"author":[{"embeddable":true,"href":"https:\/\/www.nanopyme.com\/index.php\/wp-json\/wp\/v2\/users\/1"}],"replies":[{"embeddable":true,"href":"https:\/\/www.nanopyme.com\/index.php\/wp-json\/wp\/v2\/comments?post=1719"}],"version-history":[{"count":47,"href":"https:\/\/www.nanopyme.com\/index.php\/wp-json\/wp\/v2\/pages\/1719\/revisions"}],"predecessor-version":[{"id":5042,"href":"https:\/\/www.nanopyme.com\/index.php\/wp-json\/wp\/v2\/pages\/1719\/revisions\/5042"}],"wp:attachment":[{"href":"https:\/\/www.nanopyme.com\/index.php\/wp-json\/wp\/v2\/media?parent=1719"}],"curies":[{"name":"wp","href":"https:\/\/api.w.org\/{rel}","templated":true}]}}