{"id":2883,"date":"2020-06-11T05:30:27","date_gmt":"2020-06-11T05:30:27","guid":{"rendered":"http:\/\/webitkurigram.com\/wp\/itsoft\/?page_id=2883"},"modified":"2025-12-18T07:51:17","modified_gmt":"2025-12-18T07:51:17","slug":"conozcanos","status":"publish","type":"page","link":"https:\/\/www.nanopyme.com\/index.php\/conozcanos\/","title":{"rendered":"Con\u00f3zcanos"},"content":{"rendered":"<p><section class=\"kc-elm kc-css-242833 kc_row\"><div class=\"kc-row-container  kc-container\"><div class=\"kc-wrap-columns\"><div class=\"kc-elm kc-css-768497 kc_col-sm-12 kc_column kc_col-sm-12\"><div class=\"kc-col-container\"><div class=\"kc-elm kc-css-199343 kc_row kc_row_inner align-items-center\"><div class=\"kc-elm kc-css-706441 kc_col-sm-6 kc_column_inner kc_col-sm-6\"><div class=\"kc_wrapper kc-col-inner-container\">\t\r\r\t<div class=\"kc-elm kc-css-109367 \">\r\r\t\t<div class=\"section-title  t_left\">\r\t\t\t\t\t\t\t<h5>QU\u00c9 PODEMOS OFRECERLE<\/h5>\r\t\t\t\t\t\t<h3><\/h3>\r\t\t\t<h2> Alcancemos juntos su <span>Innovaci\u00f3n Tecnol\u00f3gica<\/span><\/h2>\r\t\t\t\r\t\t\t\t\t\t\r\t\t\t\t\t\t\r\t\t\t\t<div class=\"em-bar-main\">\r\t\t\t\t\t<div class=\"em-bar em-bar-big\"><\/div>\r\t\t\t\t<\/div>\r\t\t\t\t\r\t\t\t\r\r\t\t\t\t\t\t\r\t\t\t\t\r\r\t\t<\/div>\t\r\r\t<\/div>\t\r\r\t<div class=\"kc-elm kc-css-647712 kc_text_block\"><\/p>\n<p>\nNuestro equipo est\u00e1 formado por expertos profesionales, especialistas en las diversas \u00e1reas de servicios que abarcamos, unidos por una vocaci\u00f3n tecnol\u00f3gica, empresarial y de servicio al cliente, que constituye nuestra marca de identidad.<\/p>\n<p>\n<\/div><div class=\"kc-elm kc-css-57308 kc_text_block\"><\/p>\n<p style=\"text-align: justify; padding-right: 40px; padding-left: 30px;\">Somos una empresa en plena expansi\u00f3n, convencida de la imprescindible necesidad de soporte tecnol\u00f3gico y organizativo que todos los campos de actividad profesional y empresarial requieren hoy para mejorar su competitividad, su organizaci\u00f3n, su seguridad y moderar sus costes de explotaci\u00f3n. Y no nos cabe la menor duda de que el \u00e9xito de nuestros clientes es nuestro \u00e9xito. Por eso trabajamos con la mayor profesionalidad, adecuando nuestras soluciones a sus necesidades, d\u00e1ndole el soporte y la ayuda que usted espera de nosotros para que sigamos creciendo juntos.<\/p>\n<p>\n<\/div>\t\t<div class=\"softech-custom-buttons one   kc-elm kc-css-273115\">\n\t\t\t\t<div class=\"softech-button\"><a href=\"https:\/\/www.nanopyme.com\/index.php\/servicios\/\">Nuestros Servicios<\/a><\/div>\t\t<\/div>\n\t\t<\/div><\/div><div class=\"kc-elm kc-css-533090 kc_col-sm-6 kc_column_inner kc_col-sm-6\"><div class=\"kc_wrapper kc-col-inner-container\"><div class=\"kc-elm kc-css-838020 kc_row kc_row_inner\"><div class=\"kc-elm kc-css-901883 kc_col-sm-6 kc_column_inner kc_col-sm-6\"><div class=\"kc_wrapper kc-col-inner-container\">\n<div class=\"kc-elm kc-css-89732 kc-flipbox kc-flip-container\" ontouchstart=\"this.classList.toggle('hover');\">\n\t<div class=\"flipper\">\n\t\t<div class=\"front\">\n\t\t\t<div class=\"front-content\">\n\t\t\t\t<h3>Nuestra Visi\u00f3n<\/h3>\t\t\t<\/div>\n\t\t<\/div>\n\t\t<div class=\"back\">\n\t\t\t<div class=\"des\">\n\t\t\t\t<p>La digitalizaci\u00f3n est\u00e1 en el presente y en el futuro de las empresa de todo tipo. Es un requisito imprescindible y de obligada implantaci\u00f3n.<\/p>\t\t\t<\/div>\n\t\t<\/div>\n\t<\/div>\n<\/div>\n<\/div><\/div><div class=\"kc-elm kc-css-835729 kc_col-sm-6 kc_column_inner kc_col-sm-6\"><div class=\"kc_wrapper kc-col-inner-container\">\n<div class=\"kc-elm kc-css-784670 kc-flipbox kc-flip-container\" ontouchstart=\"this.classList.toggle('hover');\">\n\t<div class=\"flipper\">\n\t\t<div class=\"front\">\n\t\t\t<div class=\"front-content\">\n\t\t\t\t<h3>Nuestra Misi\u00f3n<\/h3>\t\t\t<\/div>\n\t\t<\/div>\n\t\t<div class=\"back\">\n\t\t\t<div class=\"des\">\n\t\t\t\t<p>Ayudarle a digitalizar su empresa, dot\u00e1ndola de la tecnolog\u00eda y las herramientas inform\u00e1ticas necesarias para alcanzar y aumentar el \u00e9xito.<\/p>\t\t\t<\/div>\n\t\t<\/div>\n\t<\/div>\n<\/div>\n<\/div><\/div><\/div><div class=\"kc-elm kc-css-436648 kc_row kc_row_inner\"><div class=\"kc-elm kc-css-677603 kc_col-sm-6 kc_column_inner kc_col-sm-6\"><div class=\"kc_wrapper kc-col-inner-container\">\n<div class=\"kc-elm kc-css-979600 kc-flipbox kc-flip-container\" ontouchstart=\"this.classList.toggle('hover');\">\n\t<div class=\"flipper\">\n\t\t<div class=\"front\">\n\t\t\t<div class=\"front-content\">\n\t\t\t\t<h3>La Estrategia<\/h3>\t\t\t<\/div>\n\t\t<\/div>\n\t\t<div class=\"back\">\n\t\t\t<div class=\"des\">\n\t\t\t\t<p>Actualizar y modernizar por etapas, no m\u00e1s de lo necesario en cada paso, para hacerlo f\u00e1cil y digerible para los trabajadores y para la empresa.<\/p>\t\t\t<\/div>\n\t\t<\/div>\n\t<\/div>\n<\/div>\n<\/div><\/div><div class=\"kc-elm kc-css-896394 kc_col-sm-6 kc_column_inner kc_col-sm-6\"><div class=\"kc_wrapper kc-col-inner-container\">\n<div class=\"kc-elm kc-css-637721 kc-flipbox kc-flip-container\" ontouchstart=\"this.classList.toggle('hover');\">\n\t<div class=\"flipper\">\n\t\t<div class=\"front\">\n\t\t\t<div class=\"front-content\">\n\t\t\t\t<h3>La Filosof\u00eda<\/h3>\t\t\t<\/div>\n\t\t<\/div>\n\t\t<div class=\"back\">\n\t\t\t<div class=\"des\">\n\t\t\t\t<p>El \u00e9xito de nuestros clientes es nuestro \u00e9xito. Eso se consigue con una relaci\u00f3n de confianza basada en nuestra eficacia y vocaci\u00f3n de servicio.<\/p>\t\t\t<\/div>\n\t\t<\/div>\n\t<\/div>\n<\/div>\n<\/div><\/div><\/div><\/div><\/div><\/div><\/div><\/div><\/div><\/div><\/section><section class=\"kc-elm kc-css-461578 kc_row\"><div class=\"kc-row-container  kc-container\"><div class=\"kc-wrap-columns\"><div class=\"kc-elm kc-css-370744 kc_col-sm-12 kc_column kc_col-sm-12\"><div class=\"kc-col-container\"><div class=\"kc-elm kc-css-630454 kc_row kc_row_inner align-items-center\"><div class=\"kc-elm kc-css-730383 kc_col-sm-6 kc_column_inner kc_col-sm-6\"><div class=\"kc_wrapper kc-col-inner-container\">\t\r\r\t<div class=\"kc-elm kc-css-720049 \">\r\r\t\t<div class=\"section-title  t_left\">\r\t\t\t\t\t\t\t<h5>Conozca Nanopyme<\/h5>\r\t\t\t\t\t\t<h3><\/h3>\r\t\t\t<h2> <span>Perm\u00edtanos Orientarle<\/span><\/h2>\r\t\t\t\r\t\t\t\t\t\t\r\t\t\t\t\r\t\t\t\r\r\t\t\t\t\t\t\r\t\t\t\t\r\r\t\t<\/div>\t\r\r\t<\/div>\t\r\r\t\n<div class=\"kc-elm kc-css-815008 kc-title-wrap \">\n\n\t<h3 class=\"kc_title\">Organizaci\u00f3n y Planificaci\u00f3n es igual a Eficacia<\/h3>\n<\/div>\n<div class=\"kc-elm kc-css-116173 kc_text_block\"><\/p>\n<p>\nEl paso previo, antes de comenzar a trabajar con un nuevo cliente, es realizar una auditor\u00eda gratuita de la situaci\u00f3n de partida: Necesidades, elementos con los que ya cuenta, an\u00e1lisis de problemas y posibles soluciones&#8230;\u00a0Todo se consens\u00faa con el cliente para adaptarnos a sus preferencias y posibilidades.<\/p>\n<p>Las tareas se planifican seg\u00fan un cronograma,\u00a0adaptando las acciones\u00a0para interferir lo menos posible en el funcionamiento cotidiano de la empresa.<\/p>\n<p>Adem\u00e1s, actuamos como intermediarios tecnol\u00f3gicos ante terceros en nombre del cliente, para resolver los problemas que sean de su responsabilidad.<\/p>\n<p>\n<\/div><div class=\"kc-elm kc-css-621733 kc_text_block\"><\/p>\n<p>\nLlevamos 35 a\u00f1os asesorando y dando mantenimiento de forma continuada a empresas y profesionales, as\u00ed como a\u00a0 organizaciones de todo tipo.<\/p>\n<p>\n<\/div><\/div><\/div><div class=\"kc-elm kc-css-321733 kc_col-sm-6 kc_column_inner kc_col-sm-6\"><div class=\"kc_wrapper kc-col-inner-container\"><div class=\"kc-elm kc-css-4952 kc_shortcode kc_single_image\">\n\n        <img src=\"https:\/\/www.nanopyme.com\/wp-content\/uploads\/2020\/06\/miraizq2.png\" class=\"\" alt=\"\" \/>    <\/div>\n<\/div><\/div><\/div><\/div><\/div><\/div><\/div><\/section><section class=\"kc-elm kc-css-288143 kc_row\"><div class=\"kc-row-container  kc-container\"><div class=\"kc-wrap-columns\"><div class=\"kc-elm kc-css-540193 kc_col-sm-12 kc_column kc_col-sm-12\"><div class=\"kc-col-container\"><div class=\"kc-elm kc-css-750384 kc_row kc_row_inner align-items-center column-md\"><div class=\"kc-elm kc-css-703561 kc_col-sm-6 kc_column_inner kc_col-sm-6\"><div class=\"kc_wrapper kc-col-inner-container\"><div class=\"kc-elm kc-css-236500 kc_shortcode kc_single_image\">\n\n        <img src=\"https:\/\/www.nanopyme.com\/wp-content\/uploads\/2020\/06\/web30a\u00f1os.jpg\" class=\"\" alt=\"\" \/>    <\/div>\n<\/div><\/div><div class=\"kc-elm kc-css-654280 kc_col-sm-6 kc_column_inner kc_col-sm-6\"><div class=\"kc_wrapper kc-col-inner-container\">\t\r\r\t<div class=\"kc-elm kc-css-48635 \">\r\r\t\t<div class=\"section-title  t_left\">\r\t\t\t\t\t\t\t<h5>NUESTRA EXPERIENCIA<\/h5>\r\t\t\t\t\t\t<h3><\/h3>\r\t\t\t<h2>Progresar e innovar llevan al  <span>\u00c9xito<\/span><\/h2>\r\t\t\t\r\t\t\t\t\t\t\r\t\t\t\t\t\t\r\t\t\t\t<div class=\"em-bar-main\">\r\t\t\t\t\t<div class=\"em-bar em-bar-big\"><\/div>\r\t\t\t\t<\/div>\r\t\t\t\t\r\t\t\t\r\r\t\t\t\t\t\t\r\t\t\t\t\r\r\t\t<\/div>\t\r\r\t<\/div>\t\r\r\t<div class=\"kc-elm kc-css-135361 kc_text_block\"><\/p>\n<p>\nNuestros servicios de TI combinan a profesionales con experiencia en diversas \u00e1reas para ayudarle a mejorar su negocio.<\/p>\n<p>\n<\/div><div class=\"kc-elm kc-css-853193 kc_shortcode kc_progress_bars \" data-style=\"1\"><div class=\"progress-item\"><span class=\"label\">Soporte y Mantenimiento<\/span><div class=\"kc-ui-progress-bar kc-ui-progress-bar1 kc-progress-bar kc-ui-container\"><div class=\"kc-ui-progress kc-ui-progress1\" style=\"background-color: #2513d1;width: 90%\" data-value=\"90\" data-speed=\"2000\"><div class=\"ui-label\">\n\t\t\t\t\t<span class=\"value\" style=\"color: #232323\">90%<\/span>\n\t\t\t\t<\/div><\/div><\/div><\/div><div class=\"progress-item\"><span class=\"label\">Redes y Servidores<\/span><div class=\"kc-ui-progress-bar kc-ui-progress-bar1 kc-progress-bar kc-ui-container\"><div class=\"kc-ui-progress kc-ui-progress1\" style=\"background-color: #f12a02;width: 80%\" data-value=\"80\" data-speed=\"2000\"><div class=\"ui-label\">\n\t\t\t\t\t<span class=\"value\" style=\"color: #232323\">80%<\/span>\n\t\t\t\t<\/div><\/div><\/div><\/div><div class=\"progress-item\"><span class=\"label\">Trabajo en la Nube<\/span><div class=\"kc-ui-progress-bar kc-ui-progress-bar1 kc-progress-bar kc-ui-container\"><div class=\"kc-ui-progress kc-ui-progress1\" style=\"background-color: #fb239a;width: 95%\" data-value=\"95\" data-speed=\"2000\"><div class=\"ui-label\">\n\t\t\t\t\t<span class=\"value\" style=\"color: #232323\">95%<\/span>\n\t\t\t\t<\/div><\/div><\/div><\/div><\/div><\/div><\/div><\/div><\/div><\/div><\/div><\/div><\/section><section class=\"kc-elm kc-css-527451 kc_row process-bg-shape two\"><div class=\"kc-row-container  kc-container\"><div class=\"kc-wrap-columns\"><div class=\"kc-elm kc-css-738437 kc_col-sm-12 kc_column kc_col-sm-12\"><div class=\"kc-col-container\"><div class=\"kc-elm kc-css-202947 kc_row kc_row_inner\"><div class=\"kc-elm kc-css-417542 kc_col-sm-6 kc_column_inner kc_col-sm-6\"><div class=\"kc_wrapper kc-col-inner-container\">\t\t\t<div class=\"single_counter style-three kc-elm kc-css-696067\">\n\t\t\t\t<div class=\"single_counter_inner\">\t\t\t\t\t\n\t\t\t\t\t<div class=\"countr_text\">\n\t\t\t\t\t\t\t\t\t\t\t\t\t<h1>20.000<\/h1>\n\t\t\t\t\t\t\t\t\t\t\t\t\t\t\t\t\t\t\t\n\t\t\t\t\t<\/div>\n\t\t\t\t\t<div class=\"counter_title\">\n\t\t\t\t\t\t\t\t\t\t\t\t\t<h4>\n\t\t\t\t\t\t\tTickets de Soporte anuales\t\t\t\t\t\t\t<\/h4>\t\n\t\t\t\t\t\t\t\t\t\t\t\t<div class=\"em-counter-desc\"><p>Atendemos m\u00e1s de 20.000 tickets de incidencia cada a\u00f1o, resolviendo el 80% en menos de 24 horas y el resto entre 48 y 72 horas.<\/p><\/div>\t\t\t\t\t<\/div>\n\t\t\t\t<\/div>\n\t\t\t<\/div> \n\t\t<\/div><\/div><div class=\"kc-elm kc-css-449084 kc_col-sm-6 kc_column_inner kc_col-sm-6\"><div class=\"kc_wrapper kc-col-inner-container\">\t\t\t<div class=\"single_counter style-three kc-elm kc-css-102670\">\n\t\t\t\t<div class=\"single_counter_inner\">\t\t\t\t\t\n\t\t\t\t\t<div class=\"countr_text\">\n\t\t\t\t\t\t\t\t\t\t\t\t\t<h1>100<\/h1>\n\t\t\t\t\t\t\t\t\t\t\t\t\t\n\t\t\t\t\t\t\t<h3>%<\/h3>\n\t\t\t\t\t\t\t\t\t\t\t\t\t\n\t\t\t\t\t<\/div>\n\t\t\t\t\t<div class=\"counter_title\">\n\t\t\t\t\t\t\t\t\t\t\t\t\t<h4>\n\t\t\t\t\t\t\tClientes satisfechos\t\t\t\t\t\t\t<\/h4>\t\n\t\t\t\t\t\t\t\t\t\t\t\t<div class=\"em-counter-desc\"><p>Todos nuestro clientes mantienen su relaci\u00f3n profesional con nosotros durante muchos a\u00f1os y nosotros nos sentimos tan satisfechos como ellos.<\/p><\/div>\t\t\t\t\t<\/div>\n\t\t\t\t<\/div>\n\t\t\t<\/div> \n\t\t<\/div><\/div><\/div><\/div><\/div><\/div><\/div><\/section><section class=\"kc-elm kc-css-786474 kc_row\"><div class=\"kc-row-container  kc-container\"><div class=\"kc-wrap-columns\"><div class=\"kc-elm kc-css-54276 kc_col-sm-12 kc_column kc_col-sm-12\"><div class=\"kc-col-container\"><div class=\"kc-elm kc-css-792549 kc_row kc_row_inner\"><div class=\"kc-elm kc-css-553481 kc_col-sm-12 kc_column_inner kc_col-sm-12\"><div class=\"kc_wrapper kc-col-inner-container\">\t\r\r\t<div class=\"kc-elm kc-css-742166 \">\r\r\t\t<div class=\"section-title  t_center\">\r\t\t\t\t\t\t\t<h5>Por qu\u00e9 elegir a Nanopyme<\/h5>\r\t\t\t\t\t\t<h3><\/h3>\r\t\t\t<h2>Entendemos sus ideas. Nos ponemos en su piel y <span>Dise\u00f1amos Soluciones<\/span><\/h2>\r\t\t\t\r\t\t\t\t\t\t\r\t\t\t\t\r\t\t\t\r\r\t\t\t\t\t\t\r\t\t\t\t\r\r\t\t<\/div>\t\r\r\t<\/div>\t\r\r\t<\/div><\/div><\/div><div class=\"kc-elm kc-css-777356 kc_row kc_row_inner\"><div class=\"kc-elm kc-css-174606 kc_col-sm-3 kc_column_inner kc_col-sm-3\"><div class=\"kc_wrapper kc-col-inner-container\">\n\t\t<div class=\"em-service style-six  kc-elm kc-css-236694\">\t\t\n\t\t\t\n\t\t\t\t\t\t\t<div class=\"em-service-icon\">\n\t\t\t\t\t<i class=\"flaticon-jet\"><\/i>\n\t\t\t\t<\/div>\t\t\t\n\t\t\t\t\n\t\t\t<div class=\"em_service_content\">\n\t\t\t\t<div class=\"em-service-title\"><h2>Econom\u00eda<\/h2><\/div>\t\t\t\t<div class=\"em-service-desc\"><p>Como empresa entendemos que el ahorro de costes es importante, por eso nuestros honorarios son ajustados.<\/p><\/div>\t\t\t\t\t\t\t\t\t\t\t\t\n\t\t\t<\/div>\n\t\t<\/div>\t\n\t\t<\/div><\/div><div class=\"kc-elm kc-css-973831 kc_col-sm-3 kc_column_inner kc_col-sm-3\"><div class=\"kc_wrapper kc-col-inner-container\">\n\t\t<div class=\"em-service style-six  kc-elm kc-css-935310\">\t\t\n\t\t\t\n\t\t\t\t\t\t\t<div class=\"em-service-icon\">\n\t\t\t\t\t<i class=\"flaticon-content\"><\/i>\n\t\t\t\t<\/div>\t\t\t\n\t\t\t\t\n\t\t\t<div class=\"em_service_content\">\n\t\t\t\t<div class=\"em-service-title\"><h2>Eficacia<\/h2><\/div>\t\t\t\t<div class=\"em-service-desc\"><p>Estamos en continua formaci\u00f3n, investigando y aplicando las m\u00e1s eficaces tecnolog\u00edas.<\/p><\/div>\t\t\t\t\t\t\t\t\t\t\t\t\n\t\t\t<\/div>\n\t\t<\/div>\t\n\t\t<\/div><\/div><div class=\"kc-elm kc-css-697555 kc_col-sm-3 kc_column_inner kc_col-sm-3\"><div class=\"kc_wrapper kc-col-inner-container\">\n\t\t<div class=\"em-service style-six  kc-elm kc-css-467386\">\t\t\n\t\t\t\n\t\t\t\t\t\t\t<div class=\"em-service-icon\">\n\t\t\t\t\t<i class=\"sl-speech\"><\/i>\n\t\t\t\t<\/div>\t\t\t\n\t\t\t\t\n\t\t\t<div class=\"em_service_content\">\n\t\t\t\t<div class=\"em-service-title\"><h2>Empat\u00eda<\/h2><\/div>\t\t\t\t<div class=\"em-service-desc\"><p>Entendemos sus problemas y los consideramos nuestros, evitando intervenciones agresivas.<\/p><\/div>\t\t\t\t\t\t\t\t\t\t\t\t\n\t\t\t<\/div>\n\t\t<\/div>\t\n\t\t<\/div><\/div><div class=\"kc-elm kc-css-337139 kc_col-sm-3 kc_column_inner kc_col-sm-3\"><div class=\"kc_wrapper kc-col-inner-container\">\n\t\t<div class=\"em-service style-six  kc-elm kc-css-863536\">\t\t\n\t\t\t\n\t\t\t\t\t\t\t<div class=\"em-service-icon\">\n\t\t\t\t\t<i class=\"flaticon-analytics\"><\/i>\n\t\t\t\t<\/div>\t\t\t\n\t\t\t\t\n\t\t\t<div class=\"em_service_content\">\n\t\t\t\t<div class=\"em-service-title\"><h2>Colaboraci\u00f3n<\/h2><\/div>\t\t\t\t<div class=\"em-service-desc\"><p>Trabajamos con los mejores socios tecnol\u00f3gicos, lo que garantiza el conocimiento y uso de procesos punteros.<\/p><\/div>\t\t\t\t\t\t\t\t\t\t\t\t\n\t\t\t<\/div>\n\t\t<\/div>\t\n\t\t<\/div><\/div><\/div><\/div><\/div><\/div><\/div><\/section><section class=\"kc-elm kc-css-982685 kc_row\"><div class=\"kc-row-container  kc-container\"><div class=\"kc-wrap-columns\"><div class=\"kc-elm kc-css-802661 kc_col-sm-12 kc_column kc_col-sm-12\"><div class=\"kc-col-container\"><div class=\"kc-elm kc-css-509670 kc_row kc_row_inner align-items-center\"><div class=\"kc-elm kc-css-44156 kc_col-sm-6 kc_column_inner kc_col-sm-6\"><div class=\"kc_wrapper kc-col-inner-container\">\t\r\r\t<div class=\"kc-elm kc-css-768268 \">\r\r\t\t<div class=\"section-title  t_left\">\r\t\t\t\t\t\t\t<h5>una muestra<\/h5>\r\t\t\t\t\t\t<h3><\/h3>\r\t\t\t<h2>Cada a\u00f1o renovamos la membres\u00eda como <span>Partner de Microsoft<\/span><\/h2>\r\t\t\t\r\t\t\t\t\t\t\r\t\t\t\t\t\t\r\t\t\t\t<div class=\"em-bar-main\">\r\t\t\t\t\t<div class=\"em-bar em-bar-big\"><\/div>\r\t\t\t\t<\/div>\r\t\t\t\t\r\t\t\t\r\r\t\t\t\r\t\t\t\t<p class=\" text-alignm\">Nanopyme supera cada a\u00f1o los requisitos exigidos por Microsoft para renovar la membres\u00eda como Partner.\r\n\r\nPocas empresas a nivel mundial ostentamos el\u00a0reconocimiento de un alto grado de profesionalidad obteniendo la categor\u00eda de Partner Microsoft.\r\n\r\nEso garantiza un servicio de consultor\u00eda, de soporte t\u00e9cnico y de soluciones inform\u00e1ticas al m\u00e1s alto nivel que usted merece.<\/p>\r\r\t\t\t\t\t\t\r\t\t\t\t\r\r\t\t<\/div>\t\r\r\t<\/div>\t\r\r\t<div class=\"kc-elm kc-css-218346 kc_row kc_row_inner office-address\"><div class=\"kc-elm kc-css-564609 kc_col-sm-6 kc_column_inner kc_col-sm-6\"><div class=\"kc_wrapper kc-col-inner-container\">\n\t\t<div class=\"em-service style-seven  kc-elm kc-css-829007\">\t\t\n\t\t\t\n\t\t\t\t\t\t\t<div class=\"em-service-icon\">\n\t\t\t\t\t<i class=\"flaticon-ui\"><\/i>\n\t\t\t\t<\/div>\t\t\t\n\t\t\t\t\n\t\t\t<div class=\"em_service_content\">\n\t\t\t\t<div class=\"em-service-title\"><h2>Productividad<\/h2><\/div>\t\t\t\t\t\t\t\t\t\t\t\t\n\t\t\t<\/div>\n\t\t<\/div>\t\n\t\t\n\t\t<div class=\"em-service style-seven  kc-elm kc-css-126706\">\t\t\n\t\t\t\n\t\t\t\t\t\t\t<div class=\"em-service-icon\">\n\t\t\t\t\t<i class=\"flaticon-global\"><\/i>\n\t\t\t\t<\/div>\t\t\t\n\t\t\t\t\n\t\t\t<div class=\"em_service_content\">\n\t\t\t\t<div class=\"em-service-title\"><h2>Colaboraci\u00f3n<\/h2><\/div>\t\t\t\t\t\t\t\t\t\t\t\t\n\t\t\t<\/div>\n\t\t<\/div>\t\n\t\t<\/div><\/div><div class=\"kc-elm kc-css-984148 kc_col-sm-6 kc_column_inner kc_col-sm-6\"><div class=\"kc_wrapper kc-col-inner-container\">\n\t\t<div class=\"em-service style-seven  kc-elm kc-css-475668\">\t\t\n\t\t\t\n\t\t\t\t\t\t\t<div class=\"em-service-icon\">\n\t\t\t\t\t<i class=\"flaticon-smartphone\"><\/i>\n\t\t\t\t<\/div>\t\t\t\n\t\t\t\t\n\t\t\t<div class=\"em_service_content\">\n\t\t\t\t<div class=\"em-service-title\"><h2>Seguridad<\/h2><\/div>\t\t\t\t\t\t\t\t\t\t\t\t\n\t\t\t<\/div>\n\t\t<\/div>\t\n\t\t\n\t\t<div class=\"em-service style-seven  kc-elm kc-css-698244\">\t\t\n\t\t\t\n\t\t\t\t\t\t\t<div class=\"em-service-icon\">\n\t\t\t\t\t<i class=\"flaticon-time\"><\/i>\n\t\t\t\t<\/div>\t\t\t\n\t\t\t\t\n\t\t\t<div class=\"em_service_content\">\n\t\t\t\t<div class=\"em-service-title\"><h2>Nube<\/h2><\/div>\t\t\t\t\t\t\t\t\t\t\t\t\n\t\t\t<\/div>\n\t\t<\/div>\t\n\t\t<\/div><\/div><\/div><\/div><\/div><div class=\"kc-elm kc-css-619485 kc_col-sm-6 kc_column_inner kc_col-sm-6\"><div class=\"kc_wrapper kc-col-inner-container\"><div class=\"kc-elm kc-css-287177 kc_shortcode kc_single_image\">\n\n        <img src=\"https:\/\/www.nanopyme.com\/wp-content\/uploads\/2020\/06\/front-2-1024x1016-Dani.jpg\" class=\"\" alt=\"\" \/>    <\/div>\n<\/div><\/div><\/div><\/div><\/div><\/div><\/div><\/section><\/p>\n","protected":false},"excerpt":{"rendered":"","protected":false},"author":1,"featured_media":0,"parent":0,"menu_order":0,"comment_status":"closed","ping_status":"closed","template":"page-templates\/template-default.php","meta":[],"_links":{"self":[{"href":"https:\/\/www.nanopyme.com\/index.php\/wp-json\/wp\/v2\/pages\/2883"}],"collection":[{"href":"https:\/\/www.nanopyme.com\/index.php\/wp-json\/wp\/v2\/pages"}],"about":[{"href":"https:\/\/www.nanopyme.com\/index.php\/wp-json\/wp\/v2\/types\/page"}],"author":[{"embeddable":true,"href":"https:\/\/www.nanopyme.com\/index.php\/wp-json\/wp\/v2\/users\/1"}],"replies":[{"embeddable":true,"href":"https:\/\/www.nanopyme.com\/index.php\/wp-json\/wp\/v2\/comments?post=2883"}],"version-history":[{"count":146,"href":"https:\/\/www.nanopyme.com\/index.php\/wp-json\/wp\/v2\/pages\/2883\/revisions"}],"predecessor-version":[{"id":5032,"href":"https:\/\/www.nanopyme.com\/index.php\/wp-json\/wp\/v2\/pages\/2883\/revisions\/5032"}],"wp:attachment":[{"href":"https:\/\/www.nanopyme.com\/index.php\/wp-json\/wp\/v2\/media?parent=2883"}],"curies":[{"name":"wp","href":"https:\/\/api.w.org\/{rel}","templated":true}]}}