{"id":374,"date":"2016-11-05T11:06:05","date_gmt":"2016-11-05T11:06:05","guid":{"rendered":"http:\/\/www.nanopyme.com\/?page_id=374"},"modified":"2025-12-18T08:09:07","modified_gmt":"2025-12-18T08:09:07","slug":"soporte","status":"publish","type":"page","link":"https:\/\/www.nanopyme.com\/index.php\/soporte\/","title":{"rendered":"Soporte"},"content":{"rendered":"<section class=\"kc-elm kc-css-455858 kc_row\"><div class=\"kc-row-container  kc-container\"><div class=\"kc-wrap-columns\"><div class=\"kc-elm kc-css-403781 kc_col-sm-12 kc_column kc_col-sm-12\"><div class=\"kc-col-container\"><div class=\"kc-elm kc-css-596448 kc_text_block\"><\/p>\n<p style=\"text-align: justify; padding-right: 40px; padding-left: 30px;\">Haga clic en el siguiente&nbsp;v\u00ednculo para descargar un m\u00f3dulo de control remoto gratuito, que nos permitir\u00e1 acceder temporalmente su ordenador para ayudarle a resolver su problema.<\/p>\n<p style=\"text-align: center;\"><a href=\"https:\/\/download.teamviewer.com\/download\/TeamViewerQS_x64.exe\">https:\/\/download.teamviewer.com\/download\/TeamViewerQS_x64.exe<\/a><\/p>\n<p style=\"text-align: justify; padding-right: 40px; padding-left: 30px;\">Descargue el m\u00f3dulo y gu\u00e1rdelo donde prefiera (en el escritorio, carpeta de descargas, etc).Cuando necesite nuestra ayuda, ejecute el m\u00f3dulo (no necesita instalar nada) y ll\u00e1menos al tel\u00e9fono 955 290 016 en horario de atenci\u00f3n al p\u00fablico.<\/p>\n<p style=\"text-align: justify; padding-right: 40px; padding-left: 30px;\">Al ejecutarlo&nbsp;aparecer\u00e1 una ventana en la ver\u00e1 \u201cSu ID\u201d y una \u201cContrase\u00f1a\u201d que deber\u00e1 facilitarnos.<\/p>\n<p style=\"text-align: justify; padding-right: 40px; padding-left: 30px;\">Sepa&nbsp;que, por su seguridad, la contrase\u00f1a ser\u00e1 distinta cada vez que usted ejecute ese programa para solicitarnos soporte remoto, porque s\u00f3lo es v\u00e1lida para una sesi\u00f3n.<\/p>\n<p style=\"text-align: center; padding-right: 40px; padding-left: 30px;\">\n<\/div><\/div><\/div><\/div><\/div><\/section>\n","protected":false},"excerpt":{"rendered":"","protected":false},"author":1,"featured_media":0,"parent":0,"menu_order":0,"comment_status":"closed","ping_status":"closed","template":"","meta":[],"_links":{"self":[{"href":"https:\/\/www.nanopyme.com\/index.php\/wp-json\/wp\/v2\/pages\/374"}],"collection":[{"href":"https:\/\/www.nanopyme.com\/index.php\/wp-json\/wp\/v2\/pages"}],"about":[{"href":"https:\/\/www.nanopyme.com\/index.php\/wp-json\/wp\/v2\/types\/page"}],"author":[{"embeddable":true,"href":"https:\/\/www.nanopyme.com\/index.php\/wp-json\/wp\/v2\/users\/1"}],"replies":[{"embeddable":true,"href":"https:\/\/www.nanopyme.com\/index.php\/wp-json\/wp\/v2\/comments?post=374"}],"version-history":[{"count":48,"href":"https:\/\/www.nanopyme.com\/index.php\/wp-json\/wp\/v2\/pages\/374\/revisions"}],"predecessor-version":[{"id":5039,"href":"https:\/\/www.nanopyme.com\/index.php\/wp-json\/wp\/v2\/pages\/374\/revisions\/5039"}],"wp:attachment":[{"href":"https:\/\/www.nanopyme.com\/index.php\/wp-json\/wp\/v2\/media?parent=374"}],"curies":[{"name":"wp","href":"https:\/\/api.w.org\/{rel}","templated":true}]}}