{"id":4555,"date":"2021-12-01T16:05:41","date_gmt":"2021-12-01T16:05:41","guid":{"rendered":"https:\/\/www.nanopyme.com\/?page_id=4555"},"modified":"2022-11-15T11:56:48","modified_gmt":"2022-11-15T11:56:48","slug":"entrada","status":"publish","type":"page","link":"https:\/\/www.nanopyme.com\/","title":{"rendered":"Entrada"},"content":{"rendered":"<p><section class=\"kc-elm kc-css-448121 kc_row\"><div class=\"kc-row-container\"><div class=\"kc-wrap-columns\"><div class=\"kc-elm kc-css-202543 kc_col-sm-12 kc_column kc_col-sm-12\"><div class=\"kc-col-container\">       <!-- INTRO -->\n        <section id=\"parallax\" class=\"banner-area em-slick-slider-new kc-elm kc-css-610484\">\n\n\t\t\t\t    <div class=\"single-slide style-four d-flex align-items-center kc-elm kc-css-383607\" style=\"background-image:url(https:\/\/www.nanopyme.com\/wp-content\/uploads\/2020\/08\/slider8.jpg)\t\">\n                \n\t\t<div class=\"container\">\n\t\t\t<div class=\"row\">\n\t\t\t\t<div class=\"col-md-12\">\n\t\t\t\t\t<div class=\"banner-content banner-slick text-right \">\n\t\t\t\t\t\t<h4>s\u00f3lo tiene que hacer un clic<\/h4>\n\t\t\t\t\t\t<h1>UTILIDADES FRECUENTES<span class=\"redX\"><\/span><\/h1>\n\t\t\t\t\t\t<h2>PARA NUESTROS USUARIOS<\/h2>\n\t\t\t\t\t\t<h3><\/h3>\n\t\t\t\t\t\t<p>En esta entrada previa ponemos directamente a su disposici\u00f3n, de una manera r\u00e1pida, f\u00e1cil y c\u00f3moda, las utilidades que puede necesitar con m\u00e1s frecuencia.\r\n\r\nNo obstante, le invitamos a que visite de manera completa nuestro sitio web y pueda as\u00ed conocernos, saber qu\u00e9 servicios prestamos, c\u00f3mo contactar con nosotros, etc.<\/p>\n\t\t\t\t\t\t\t\t\t\t\t\t\t\t\t\t\t\t\t\t\t\t\t\t\t\t\t<div class=\"slider-video-icon\">\n\t\t\t\t\t\t\t\t\t\t\t\t\t\t\t\t\t\t\t\t\t\t\t\n\n\t\t\t\t\t\t\t\t<\/div>\n\t\t\t\t\t\t\t\t\n\t\t\t\t\t\t\t\t\t\t\t\t\t<div class=\"slider_single_img\">\n\t\t\t\t\t\t\t\t<img src=\"\" alt=\"\">\n\t\t\t\t\t\t\t<\/div>\n\t\t\t\t\t\t\t\t\t\t\t<\/div>\n\t\t\t\t<\/div>\n\t\t\t<\/div>\n\t\t<\/div>\n\t\t<div class=\"slider-shape1 rotateme\"><img src=\"https:\/\/www.nanopyme.com\/wp-content\/themes\/softech\/assets\/images\/circle-img.png\" alt=\"01\"><\/div>\n\t\t<div class=\"slider-shape2 rotateme\"><img src=\"https:\/\/www.nanopyme.com\/wp-content\/themes\/softech\/assets\/images\/ractangle-img.png\" alt=\"01\"><\/div>\n\t\t<div class=\"slider-shape3\"><img src=\"https:\/\/www.nanopyme.com\/wp-content\/themes\/softech\/assets\/images\/ractangle-img2.png\" alt=\"01\"><\/div>\n\t<\/div>\n\t        <\/section>\n        <!-- \/INTRO -->\n\n\t<\/div><\/div><\/div><\/div><\/section><section class=\"kc-elm kc-css-740259 kc_row\"><div class=\"kc-row-container  kc-container\"><div class=\"kc-wrap-columns\"><div class=\"kc-elm kc-css-83285 kc_col-sm-2 kc_column kc_col-sm-2\"><div class=\"kc-col-container\"><\/div><\/div><div class=\"kc-elm kc-css-662260 kc_col-sm-2 kc_column kc_col-sm-2\"><div class=\"kc-col-container\"><\/div><\/div><div class=\"kc-elm kc-css-536110 kc_col-sm-2 kc_column kc_col-sm-2\"><div class=\"kc-col-container\"><\/div><\/div><div class=\"kc-elm kc-css-462060 kc_col-sm-2 kc_column kc_col-sm-2\"><div class=\"kc-col-container\">\n<div class=\"kc-elm kc-css-14186 kc-animated kc-animate-eff-zoomInDown kc-animate-delay-1700 kc-animate-speed-3s\">\n\t<a class=\"kc_button\" href=\"https:\/\/www.nanopyme.com\/index.php\/inicio\/\" target=\"_self\" title=\"\" onclick=\"\">\n\t\tENTRAR EN LA WEB\t<\/a>\n<\/div>\n<\/div><\/div><div class=\"kc-elm kc-css-391502 kc_col-sm-2 kc_column kc_col-sm-2\"><div class=\"kc-col-container\"><\/div><\/div><div class=\"kc-elm kc-css-996019 kc_col-sm-2 kc_column kc_col-sm-2\"><div class=\"kc-col-container\">\n<div class=\"kc-elm kc-css-637955 kc-animated kc-animate-eff-zoomInDown kc-animate-delay-1400 kc-animate-speed-3s\">\n\t<a class=\"kc_button\" href=\"https:\/\/45o2duoo9wz.typeform.com\/to\/zSFXBQR3\" target=\"_blank\" title=\"\" onclick=\"\">\n\t\tABRIR UN TICKET\t<\/a>\n<\/div>\n<\/div><\/div><div class=\"kc-elm kc-css-332297 kc_col-sm-2 kc_column kc_col-sm-2\"><div class=\"kc-col-container\"><\/div><\/div><div class=\"kc-elm kc-css-538346 kc_col-sm-2 kc_column kc_col-sm-2\"><div class=\"kc-col-container\">\n<div class=\"kc-elm kc-css-137430 kc-animated kc-animate-eff-zoomInDown kc-animate-delay-1100 kc-animate-speed-3s\">\n\t<a class=\"kc_button\" href=\"https:\/\/www.nanopyme.com\/index.php\/contacto\/\" target=\"_blank\" title=\"CONTACTO\" onclick=\"\">\n\t\tCONTACTO\t<\/a>\n<\/div>\n<\/div><\/div><\/div><\/div><\/section><section class=\"kc-elm kc-css-188831 kc_row\"><div class=\"kc-row-container  kc-container\"><div class=\"kc-wrap-columns\"><div class=\"kc-elm kc-css-672787 kc_col-sm-2 kc_column kc_col-sm-2\"><div class=\"kc-col-container\"><\/div><\/div><div class=\"kc-elm kc-css-786488 kc_col-sm-2 kc_column kc_col-sm-2\"><div class=\"kc-col-container\"><\/div><\/div><div class=\"kc-elm kc-css-671605 kc_col-sm-2 kc_column kc_col-sm-2\"><div class=\"kc-col-container\"><\/div><\/div><div class=\"kc-elm kc-css-254474 kc_col-sm-2 kc_column kc_col-sm-2\"><div class=\"kc-col-container\">\n<div class=\"kc-elm kc-css-582896 kc-animated kc-animate-eff-zoomInDown kc-animate-delay-800 kc-animate-speed-3s\">\n\t<a class=\"kc_button\" href=\"http:\/\/nanopyme.zendesk.com\/access\/unauthenticated\" target=\"_blank\" title=\"\" onclick=\"\">\n\t\tPORTAL DEL CLIENTE\t<\/a>\n<\/div>\n<\/div><\/div><div class=\"kc-elm kc-css-946185 kc_col-sm-2 kc_column kc_col-sm-2\"><div class=\"kc-col-container\"><\/div><\/div><div class=\"kc-elm kc-css-892248 kc_col-sm-2 kc_column kc_col-sm-2\"><div class=\"kc-col-container\">\n<div class=\"kc-elm kc-css-161677 kc-animated kc-animate-eff-zoomInDown kc-animate-delay-500 kc-animate-speed-3s\">\n\t<a class=\"kc_button\" href=\"https:\/\/www.nanopyme.com\/index.php\/utilidades\/\" target=\"_blank\" title=\"\" onclick=\"\">\n\t\tDESCARGAS\t<\/a>\n<\/div>\n<\/div><\/div><div class=\"kc-elm kc-css-360585 kc_col-sm-2 kc_column kc_col-sm-2\"><div class=\"kc-col-container\"><\/div><\/div><div class=\"kc-elm kc-css-571214 kc_col-sm-2 kc_column kc_col-sm-2\"><div class=\"kc-col-container\">\n<div class=\"kc-elm kc-css-606872 kc-animated kc-animate-eff-zoomInDown kc-animate-delay-200 kc-animate-speed-3s\">\n\t<a class=\"kc_button\" href=\"https:\/\/nanopyme.zendesk.com\/hc\/es\" target=\"_blank\" title=\"\" onclick=\"\">\n\t\tGU\u00cdA DE CONOCIMIENTO\t<\/a>\n<\/div>\n<\/div><\/div><\/div><\/div><\/section><section class=\"kc-elm kc-css-682101 kc_row\"><div class=\"kc-row-container  kc-container\"><div class=\"kc-wrap-columns\"><div class=\"kc-elm kc-css-98123 kc_col-sm-12 kc_column kc_col-sm-12\"><div class=\"kc-col-container\"><div class=\"kc-elm kc-css-754395\" style=\"height: 20px; clear: both; width:100%;\"><\/div><\/div><\/div><\/div><\/div><\/section><\/p>\n","protected":false},"excerpt":{"rendered":"","protected":false},"author":1,"featured_media":0,"parent":0,"menu_order":0,"comment_status":"closed","ping_status":"closed","template":"page-templates\/template-default.php","meta":[],"_links":{"self":[{"href":"https:\/\/www.nanopyme.com\/index.php\/wp-json\/wp\/v2\/pages\/4555"}],"collection":[{"href":"https:\/\/www.nanopyme.com\/index.php\/wp-json\/wp\/v2\/pages"}],"about":[{"href":"https:\/\/www.nanopyme.com\/index.php\/wp-json\/wp\/v2\/types\/page"}],"author":[{"embeddable":true,"href":"https:\/\/www.nanopyme.com\/index.php\/wp-json\/wp\/v2\/users\/1"}],"replies":[{"embeddable":true,"href":"https:\/\/www.nanopyme.com\/index.php\/wp-json\/wp\/v2\/comments?post=4555"}],"version-history":[{"count":190,"href":"https:\/\/www.nanopyme.com\/index.php\/wp-json\/wp\/v2\/pages\/4555\/revisions"}],"predecessor-version":[{"id":4878,"href":"https:\/\/www.nanopyme.com\/index.php\/wp-json\/wp\/v2\/pages\/4555\/revisions\/4878"}],"wp:attachment":[{"href":"https:\/\/www.nanopyme.com\/index.php\/wp-json\/wp\/v2\/media?parent=4555"}],"curies":[{"name":"wp","href":"https:\/\/api.w.org\/{rel}","templated":true}]}}